{"id":17,"date":"2015-12-01T18:16:40","date_gmt":"2015-12-01T18:16:40","guid":{"rendered":"http:\/\/querschleeger.pwi2.ch\/wp\/?page_id=17"},"modified":"2026-01-06T19:43:21","modified_gmt":"2026-01-06T19:43:21","slug":"fasnacht","status":"publish","type":"page","link":"https:\/\/querschleeger.ch\/?page_id=17","title":{"rendered":"Fasnacht"},"content":{"rendered":"<p>Die Querschleeger sind ein traditioneller Basler Fasnachtsverein, der seit \u00fcber 60 Jahren als Gruppe mit Vordraab, Tambouren und Pfeifern am Cort\u00e8ge teilnimmt. W\u00e4hrend den Monaten vor der Fasnacht stimmen wir uns beim Larven machen, in unserem Atelier an der Therwilerstrasse in Basel, auf die &#8218;drey scheenschte D\u00e4\u00e4g&#8216; ein.<\/p>\n<p>Am Sonntag vor der Fasnacht treffen wir uns zum Laterneneinpfeiffen an. Bei einem Ap\u00e9ro werden die Laterne und der Zeedel vorgestellt. Anschliessend wird die Laterne zu unserem Morgestraich-Treffpunkt begleitet. Dann heisst es warten, bis es am Montagmorgen 4 Uhr schl\u00e4gt und es endlich losgeht mit &#8222;Morgestraich, vorw\u00e4rts, marsch!&#8220;<\/p>\n<p>Am Montag- und Mittwochnachmittag marschieren wir den Cort\u00e8ge bis zum Nachtessen und danach heisst es G\u00e4ssle bis sp\u00e4t in die Nacht.<\/p>\n","protected":false},"excerpt":{"rendered":"<p>Die Querschleeger sind ein traditioneller Basler Fasnachtsverein, der seit \u00fcber 60 Jahren als Gruppe mit Vordraab, Tambouren und Pfeifern am Cort\u00e8ge teilnimmt. W\u00e4hrend den Monaten vor der Fasnacht stimmen wir uns beim Larven machen, in unserem Atelier an der Therwilerstrasse in Basel, auf die &#8218;drey scheenschte D\u00e4\u00e4g&#8216; ein. Am Sonntag vor der Fasnacht treffen wir [&hellip;]<\/p>\n","protected":false},"author":1,"featured_media":0,"parent":11,"menu_order":0,"comment_status":"closed","ping_status":"closed","template":"","meta":{"ocean_post_layout":"right-sidebar","ocean_both_sidebars_style":"","ocean_both_sidebars_content_width":0,"ocean_both_sidebars_sidebars_width":0,"ocean_sidebar":"0","ocean_second_sidebar":"0","ocean_disable_margins":"enable","ocean_add_body_class":"","ocean_shortcode_before_top_bar":"","ocean_shortcode_after_top_bar":"","ocean_shortcode_before_header":"","ocean_shortcode_after_header":"","ocean_has_shortcode":"","ocean_shortcode_after_title":"","ocean_shortcode_before_footer_widgets":"","ocean_shortcode_after_footer_widgets":"","ocean_shortcode_before_footer_bottom":"","ocean_shortcode_after_footer_bottom":"","ocean_display_top_bar":"default","ocean_display_header":"default","ocean_header_style":"","ocean_center_header_left_menu":"0","ocean_custom_header_template":"0","ocean_custom_logo":0,"ocean_custom_retina_logo":0,"ocean_custom_logo_max_width":0,"ocean_custom_logo_tablet_max_width":0,"ocean_custom_logo_mobile_max_width":0,"ocean_custom_logo_max_height":0,"ocean_custom_logo_tablet_max_height":0,"ocean_custom_logo_mobile_max_height":0,"ocean_header_custom_menu":"0","ocean_menu_typo_font_family":"0","ocean_menu_typo_font_subset":"","ocean_menu_typo_font_size":0,"ocean_menu_typo_font_size_tablet":0,"ocean_menu_typo_font_size_mobile":0,"ocean_menu_typo_font_size_unit":"px","ocean_menu_typo_font_weight":"","ocean_menu_typo_font_weight_tablet":"","ocean_menu_typo_font_weight_mobile":"","ocean_menu_typo_transform":"","ocean_menu_typo_transform_tablet":"","ocean_menu_typo_transform_mobile":"","ocean_menu_typo_line_height":0,"ocean_menu_typo_line_height_tablet":0,"ocean_menu_typo_line_height_mobile":0,"ocean_menu_typo_line_height_unit":"","ocean_menu_typo_spacing":0,"ocean_menu_typo_spacing_tablet":0,"ocean_menu_typo_spacing_mobile":0,"ocean_menu_typo_spacing_unit":"","ocean_menu_link_color":"","ocean_menu_link_color_hover":"","ocean_menu_link_color_active":"","ocean_menu_link_background":"","ocean_menu_link_hover_background":"","ocean_menu_link_active_background":"","ocean_menu_social_links_bg":"","ocean_menu_social_hover_links_bg":"","ocean_menu_social_links_color":"","ocean_menu_social_hover_links_color":"","ocean_disable_title":"default","ocean_disable_heading":"default","ocean_post_title":"","ocean_post_subheading":"","ocean_post_title_style":"","ocean_post_title_background_color":"","ocean_post_title_background":0,"ocean_post_title_bg_image_position":"","ocean_post_title_bg_image_attachment":"","ocean_post_title_bg_image_repeat":"","ocean_post_title_bg_image_size":"","ocean_post_title_height":0,"ocean_post_title_bg_overlay":0.5,"ocean_post_title_bg_overlay_color":"","ocean_disable_breadcrumbs":"default","ocean_breadcrumbs_color":"","ocean_breadcrumbs_separator_color":"","ocean_breadcrumbs_links_color":"","ocean_breadcrumbs_links_hover_color":"","ocean_display_footer_widgets":"default","ocean_display_footer_bottom":"default","ocean_custom_footer_template":"0","footnotes":""},"class_list":["post-17","page","type-page","status-publish","hentry","entry"],"yoast_head":"<!-- This site is optimized with the Yoast SEO plugin v27.2 - https:\/\/yoast.com\/product\/yoast-seo-wordpress\/ -->\n<title>Fasnacht - d&#039;Querschleeger<\/title>\n<meta name=\"robots\" content=\"index, follow, max-snippet:-1, max-image-preview:large, max-video-preview:-1\" \/>\n<link rel=\"canonical\" href=\"https:\/\/querschleeger.ch\/?page_id=17\" \/>\n<meta property=\"og:locale\" content=\"de_DE\" \/>\n<meta property=\"og:type\" content=\"article\" \/>\n<meta property=\"og:title\" content=\"Fasnacht - d&#039;Querschleeger\" \/>\n<meta property=\"og:description\" content=\"Die Querschleeger sind ein traditioneller Basler Fasnachtsverein, der seit \u00fcber 60 Jahren als Gruppe mit Vordraab, Tambouren und Pfeifern am Cort\u00e8ge teilnimmt. W\u00e4hrend den Monaten vor der Fasnacht stimmen wir uns beim Larven machen, in unserem Atelier an der Therwilerstrasse in Basel, auf die &#8218;drey scheenschte D\u00e4\u00e4g&#8216; ein. Am Sonntag vor der Fasnacht treffen wir [&hellip;]\" \/>\n<meta property=\"og:url\" content=\"https:\/\/querschleeger.ch\/?page_id=17\" \/>\n<meta property=\"og:site_name\" content=\"d&#039;Querschleeger\" \/>\n<meta property=\"article:publisher\" content=\"https:\/\/www.facebook.com\/Querschleeger\" \/>\n<meta property=\"article:modified_time\" content=\"2026-01-06T19:43:21+00:00\" \/>\n<meta name=\"twitter:card\" content=\"summary_large_image\" \/>\n<meta name=\"twitter:label1\" content=\"Gesch\u00e4tzte Lesezeit\" \/>\n\t<meta name=\"twitter:data1\" content=\"1\u00a0Minute\" \/>\n<script type=\"application\/ld+json\" class=\"yoast-schema-graph\">{\"@context\":\"https:\/\/schema.org\",\"@graph\":[{\"@type\":\"WebPage\",\"@id\":\"https:\/\/querschleeger.ch\/?page_id=17\",\"url\":\"https:\/\/querschleeger.ch\/?page_id=17\",\"name\":\"Fasnacht - d&#039;Querschleeger\",\"isPartOf\":{\"@id\":\"https:\/\/querschleeger.ch\/#website\"},\"datePublished\":\"2015-12-01T18:16:40+00:00\",\"dateModified\":\"2026-01-06T19:43:21+00:00\",\"breadcrumb\":{\"@id\":\"https:\/\/querschleeger.ch\/?page_id=17#breadcrumb\"},\"inLanguage\":\"de\",\"potentialAction\":[{\"@type\":\"ReadAction\",\"target\":[\"https:\/\/querschleeger.ch\/?page_id=17\"]}]},{\"@type\":\"BreadcrumbList\",\"@id\":\"https:\/\/querschleeger.ch\/?page_id=17#breadcrumb\",\"itemListElement\":[{\"@type\":\"ListItem\",\"position\":1,\"name\":\"Startseite\",\"item\":\"https:\/\/querschleeger.ch\/\"},{\"@type\":\"ListItem\",\"position\":2,\"name\":\"Clique\",\"item\":\"https:\/\/querschleeger.ch\/?page_id=11\"},{\"@type\":\"ListItem\",\"position\":3,\"name\":\"Fasnacht\"}]},{\"@type\":\"WebSite\",\"@id\":\"https:\/\/querschleeger.ch\/#website\",\"url\":\"https:\/\/querschleeger.ch\/\",\"name\":\"d'Querschleeger\",\"description\":\"Fasnachtsgesellschaft d&#039;Querschleeger\",\"publisher\":{\"@id\":\"https:\/\/querschleeger.ch\/#organization\"},\"potentialAction\":[{\"@type\":\"SearchAction\",\"target\":{\"@type\":\"EntryPoint\",\"urlTemplate\":\"https:\/\/querschleeger.ch\/?s={search_term_string}\"},\"query-input\":{\"@type\":\"PropertyValueSpecification\",\"valueRequired\":true,\"valueName\":\"search_term_string\"}}],\"inLanguage\":\"de\"},{\"@type\":\"Organization\",\"@id\":\"https:\/\/querschleeger.ch\/#organization\",\"name\":\"d'Querschleeger\",\"url\":\"https:\/\/querschleeger.ch\/\",\"logo\":{\"@type\":\"ImageObject\",\"inLanguage\":\"de\",\"@id\":\"https:\/\/querschleeger.ch\/#\/schema\/logo\/image\/\",\"url\":\"https:\/\/querschleeger.ch\/wp-content\/uploads\/2024\/02\/logo_querschleeger.png\",\"contentUrl\":\"https:\/\/querschleeger.ch\/wp-content\/uploads\/2024\/02\/logo_querschleeger.png\",\"width\":387,\"height\":128,\"caption\":\"d'Querschleeger\"},\"image\":{\"@id\":\"https:\/\/querschleeger.ch\/#\/schema\/logo\/image\/\"},\"sameAs\":[\"https:\/\/www.facebook.com\/Querschleeger\"]}]}<\/script>\n<!-- \/ Yoast SEO plugin. -->","yoast_head_json":{"title":"Fasnacht - d&#039;Querschleeger","robots":{"index":"index","follow":"follow","max-snippet":"max-snippet:-1","max-image-preview":"max-image-preview:large","max-video-preview":"max-video-preview:-1"},"canonical":"https:\/\/querschleeger.ch\/?page_id=17","og_locale":"de_DE","og_type":"article","og_title":"Fasnacht - d&#039;Querschleeger","og_description":"Die Querschleeger sind ein traditioneller Basler Fasnachtsverein, der seit \u00fcber 60 Jahren als Gruppe mit Vordraab, Tambouren und Pfeifern am Cort\u00e8ge teilnimmt. W\u00e4hrend den Monaten vor der Fasnacht stimmen wir uns beim Larven machen, in unserem Atelier an der Therwilerstrasse in Basel, auf die &#8218;drey scheenschte D\u00e4\u00e4g&#8216; ein. Am Sonntag vor der Fasnacht treffen wir [&hellip;]","og_url":"https:\/\/querschleeger.ch\/?page_id=17","og_site_name":"d&#039;Querschleeger","article_publisher":"https:\/\/www.facebook.com\/Querschleeger","article_modified_time":"2026-01-06T19:43:21+00:00","twitter_card":"summary_large_image","twitter_misc":{"Gesch\u00e4tzte Lesezeit":"1\u00a0Minute"},"schema":{"@context":"https:\/\/schema.org","@graph":[{"@type":"WebPage","@id":"https:\/\/querschleeger.ch\/?page_id=17","url":"https:\/\/querschleeger.ch\/?page_id=17","name":"Fasnacht - d&#039;Querschleeger","isPartOf":{"@id":"https:\/\/querschleeger.ch\/#website"},"datePublished":"2015-12-01T18:16:40+00:00","dateModified":"2026-01-06T19:43:21+00:00","breadcrumb":{"@id":"https:\/\/querschleeger.ch\/?page_id=17#breadcrumb"},"inLanguage":"de","potentialAction":[{"@type":"ReadAction","target":["https:\/\/querschleeger.ch\/?page_id=17"]}]},{"@type":"BreadcrumbList","@id":"https:\/\/querschleeger.ch\/?page_id=17#breadcrumb","itemListElement":[{"@type":"ListItem","position":1,"name":"Startseite","item":"https:\/\/querschleeger.ch\/"},{"@type":"ListItem","position":2,"name":"Clique","item":"https:\/\/querschleeger.ch\/?page_id=11"},{"@type":"ListItem","position":3,"name":"Fasnacht"}]},{"@type":"WebSite","@id":"https:\/\/querschleeger.ch\/#website","url":"https:\/\/querschleeger.ch\/","name":"d'Querschleeger","description":"Fasnachtsgesellschaft d&#039;Querschleeger","publisher":{"@id":"https:\/\/querschleeger.ch\/#organization"},"potentialAction":[{"@type":"SearchAction","target":{"@type":"EntryPoint","urlTemplate":"https:\/\/querschleeger.ch\/?s={search_term_string}"},"query-input":{"@type":"PropertyValueSpecification","valueRequired":true,"valueName":"search_term_string"}}],"inLanguage":"de"},{"@type":"Organization","@id":"https:\/\/querschleeger.ch\/#organization","name":"d'Querschleeger","url":"https:\/\/querschleeger.ch\/","logo":{"@type":"ImageObject","inLanguage":"de","@id":"https:\/\/querschleeger.ch\/#\/schema\/logo\/image\/","url":"https:\/\/querschleeger.ch\/wp-content\/uploads\/2024\/02\/logo_querschleeger.png","contentUrl":"https:\/\/querschleeger.ch\/wp-content\/uploads\/2024\/02\/logo_querschleeger.png","width":387,"height":128,"caption":"d'Querschleeger"},"image":{"@id":"https:\/\/querschleeger.ch\/#\/schema\/logo\/image\/"},"sameAs":["https:\/\/www.facebook.com\/Querschleeger"]}]}},"_links":{"self":[{"href":"https:\/\/querschleeger.ch\/index.php?rest_route=\/wp\/v2\/pages\/17","targetHints":{"allow":["GET"]}}],"collection":[{"href":"https:\/\/querschleeger.ch\/index.php?rest_route=\/wp\/v2\/pages"}],"about":[{"href":"https:\/\/querschleeger.ch\/index.php?rest_route=\/wp\/v2\/types\/page"}],"author":[{"embeddable":true,"href":"https:\/\/querschleeger.ch\/index.php?rest_route=\/wp\/v2\/users\/1"}],"replies":[{"embeddable":true,"href":"https:\/\/querschleeger.ch\/index.php?rest_route=%2Fwp%2Fv2%2Fcomments&post=17"}],"version-history":[{"count":45,"href":"https:\/\/querschleeger.ch\/index.php?rest_route=\/wp\/v2\/pages\/17\/revisions"}],"predecessor-version":[{"id":1832,"href":"https:\/\/querschleeger.ch\/index.php?rest_route=\/wp\/v2\/pages\/17\/revisions\/1832"}],"up":[{"embeddable":true,"href":"https:\/\/querschleeger.ch\/index.php?rest_route=\/wp\/v2\/pages\/11"}],"wp:attachment":[{"href":"https:\/\/querschleeger.ch\/index.php?rest_route=%2Fwp%2Fv2%2Fmedia&parent=17"}],"curies":[{"name":"wp","href":"https:\/\/api.w.org\/{rel}","templated":true}]}}