{"id":134,"date":"2015-12-02T09:11:57","date_gmt":"2015-12-02T09:11:57","guid":{"rendered":"http:\/\/querschleeger.pwi2.ch\/wp\/?page_id=134"},"modified":"2024-02-28T11:58:43","modified_gmt":"2024-02-28T11:58:43","slug":"atelier","status":"publish","type":"page","link":"https:\/\/querschleeger.ch\/?page_id=134","title":{"rendered":"Atelier"},"content":{"rendered":"<p>An der Therwilerstrasse 7 in Basel, ein paar Schritte von der Pauluskirche entfernt, liegt unser Fasnachts-Atelier. Es ist einfach mit dem Tram 1 und 8 zu erreichen.<\/p>\n<p>Damals wie heute produzieren die Querschleeger im Atelier alles, was man f\u00fcr die Fasnacht braucht von Hand. Dies ist heute aus Zeit- und Kostengr\u00fcnden nicht mehr bei allen Cliquen selbstverst\u00e4ndlich. Fasnacht wird heute vielfach ab Stange eingekauft, w\u00e4hrend bei uns noch wie fr\u00fcher alles von Grund auf selber angefertigt wird. Unser Atelier-Team arbeitet mit grosser Erfahrung und langj\u00e4hrigem Know-How und verwendet dabei Techniken und Materialien, die leider immer mehr aus der Fasnachtswelt verschwinden.<\/p>\n<p style=\"text-align: left;\">Wenn die Sujetkommission Anfang Herbst ihre Sujet-Wahl getroffen hat, beginnt die K\u00fcnstlerin damit, Entw\u00fcrfe zu zeichnen. Kurz darauf beginnt dann auch das Atelier-Team mit der Umsetzung dieser Ideen. So entstehen schon bald die erste Gipsformen f\u00fcr die neuen Larven. Die meisten unserer Mitglieder kommen in den n\u00e4chsten Wochen selber im Atelier vorbei und legen eine Form mit Kaschierpapier aus f\u00fcr ihre eigene Zugslarve. Bis Weihnachten sind die Larven kaschiert, dann werden sie geschliffen, grundiert, angepasst, bemalt, lackiert und dekoriert.<\/p>\n<p>W\u00e4hrend dieser Zeit entsteht auch das Kost\u00fcme in Zusammenarbeit mit einer Schneiderin. Das Kost\u00fcme kann jeder einzelne selber zusammenn\u00e4hen oder auf Wunsch auch von der Schneiderin n\u00e4hen lassen. Zwei Wochen vor Fasnacht ist Larvenausgabe. Dann gibt es noch letzte Montagearbeiten im Atelier und an anderen Orten, wie bei der Laterne bis dann endlich die Fasnacht mit dem Morgenstreich um vier Uhr morgens in Basel beginnt.<\/p>\n<p>Unser Atelier bleibt dann f\u00fcr ein paar Monate geschlossen, bis es dann irgendwann im Sommer die ersten Mitglieder wieder in diese R\u00e4ume zieht. Bis auf ein paar Sommermonate ist also immer etwas los im Atelier der Fasnachtsclique Querschleeger.<\/p>\n","protected":false},"excerpt":{"rendered":"<p>An der Therwilerstrasse 7 in Basel, ein paar Schritte von der Pauluskirche entfernt, liegt unser Fasnachts-Atelier. Es ist einfach mit dem Tram 1 und 8 zu erreichen. Damals wie heute produzieren die Querschleeger im Atelier alles, was man f\u00fcr die Fasnacht braucht von Hand. Dies ist heute aus Zeit- und Kostengr\u00fcnden nicht mehr bei allen [&hellip;]<\/p>\n","protected":false},"author":1,"featured_media":0,"parent":11,"menu_order":0,"comment_status":"closed","ping_status":"closed","template":"","meta":{"ocean_post_layout":"right-sidebar","ocean_both_sidebars_style":"","ocean_both_sidebars_content_width":0,"ocean_both_sidebars_sidebars_width":0,"ocean_sidebar":"0","ocean_second_sidebar":"0","ocean_disable_margins":"enable","ocean_add_body_class":"","ocean_shortcode_before_top_bar":"","ocean_shortcode_after_top_bar":"","ocean_shortcode_before_header":"","ocean_shortcode_after_header":"","ocean_has_shortcode":"","ocean_shortcode_after_title":"","ocean_shortcode_before_footer_widgets":"","ocean_shortcode_after_footer_widgets":"","ocean_shortcode_before_footer_bottom":"","ocean_shortcode_after_footer_bottom":"","ocean_display_top_bar":"default","ocean_display_header":"default","ocean_header_style":"","ocean_center_header_left_menu":"0","ocean_custom_header_template":"0","ocean_custom_logo":0,"ocean_custom_retina_logo":0,"ocean_custom_logo_max_width":0,"ocean_custom_logo_tablet_max_width":0,"ocean_custom_logo_mobile_max_width":0,"ocean_custom_logo_max_height":0,"ocean_custom_logo_tablet_max_height":0,"ocean_custom_logo_mobile_max_height":0,"ocean_header_custom_menu":"0","ocean_menu_typo_font_family":"0","ocean_menu_typo_font_subset":"","ocean_menu_typo_font_size":0,"ocean_menu_typo_font_size_tablet":0,"ocean_menu_typo_font_size_mobile":0,"ocean_menu_typo_font_size_unit":"px","ocean_menu_typo_font_weight":"","ocean_menu_typo_font_weight_tablet":"","ocean_menu_typo_font_weight_mobile":"","ocean_menu_typo_transform":"","ocean_menu_typo_transform_tablet":"","ocean_menu_typo_transform_mobile":"","ocean_menu_typo_line_height":0,"ocean_menu_typo_line_height_tablet":0,"ocean_menu_typo_line_height_mobile":0,"ocean_menu_typo_line_height_unit":"","ocean_menu_typo_spacing":0,"ocean_menu_typo_spacing_tablet":0,"ocean_menu_typo_spacing_mobile":0,"ocean_menu_typo_spacing_unit":"","ocean_menu_link_color":"","ocean_menu_link_color_hover":"","ocean_menu_link_color_active":"","ocean_menu_link_background":"","ocean_menu_link_hover_background":"","ocean_menu_link_active_background":"","ocean_menu_social_links_bg":"","ocean_menu_social_hover_links_bg":"","ocean_menu_social_links_color":"","ocean_menu_social_hover_links_color":"","ocean_disable_title":"default","ocean_disable_heading":"default","ocean_post_title":"","ocean_post_subheading":"","ocean_post_title_style":"","ocean_post_title_background_color":"","ocean_post_title_background":0,"ocean_post_title_bg_image_position":"","ocean_post_title_bg_image_attachment":"","ocean_post_title_bg_image_repeat":"","ocean_post_title_bg_image_size":"","ocean_post_title_height":0,"ocean_post_title_bg_overlay":0.5,"ocean_post_title_bg_overlay_color":"","ocean_disable_breadcrumbs":"default","ocean_breadcrumbs_color":"","ocean_breadcrumbs_separator_color":"","ocean_breadcrumbs_links_color":"","ocean_breadcrumbs_links_hover_color":"","ocean_display_footer_widgets":"default","ocean_display_footer_bottom":"default","ocean_custom_footer_template":"0","footnotes":""},"class_list":["post-134","page","type-page","status-publish","hentry","entry"],"yoast_head":"<!-- This site is optimized with the Yoast SEO plugin v27.2 - https:\/\/yoast.com\/product\/yoast-seo-wordpress\/ -->\n<title>Atelier - d&#039;Querschleeger<\/title>\n<meta name=\"robots\" content=\"index, follow, max-snippet:-1, max-image-preview:large, max-video-preview:-1\" \/>\n<link rel=\"canonical\" href=\"https:\/\/querschleeger.ch\/?page_id=134\" \/>\n<meta property=\"og:locale\" content=\"de_DE\" \/>\n<meta property=\"og:type\" content=\"article\" \/>\n<meta property=\"og:title\" content=\"Atelier - d&#039;Querschleeger\" \/>\n<meta property=\"og:description\" content=\"An der Therwilerstrasse 7 in Basel, ein paar Schritte von der Pauluskirche entfernt, liegt unser Fasnachts-Atelier. Es ist einfach mit dem Tram 1 und 8 zu erreichen. Damals wie heute produzieren die Querschleeger im Atelier alles, was man f\u00fcr die Fasnacht braucht von Hand. Dies ist heute aus Zeit- und Kostengr\u00fcnden nicht mehr bei allen [&hellip;]\" \/>\n<meta property=\"og:url\" content=\"https:\/\/querschleeger.ch\/?page_id=134\" \/>\n<meta property=\"og:site_name\" content=\"d&#039;Querschleeger\" \/>\n<meta property=\"article:publisher\" content=\"https:\/\/www.facebook.com\/Querschleeger\" \/>\n<meta property=\"article:modified_time\" content=\"2024-02-28T11:58:43+00:00\" \/>\n<meta name=\"twitter:card\" content=\"summary_large_image\" \/>\n<meta name=\"twitter:label1\" content=\"Gesch\u00e4tzte Lesezeit\" \/>\n\t<meta name=\"twitter:data1\" content=\"1\u00a0Minute\" \/>\n<script type=\"application\/ld+json\" class=\"yoast-schema-graph\">{\"@context\":\"https:\/\/schema.org\",\"@graph\":[{\"@type\":\"WebPage\",\"@id\":\"https:\/\/querschleeger.ch\/?page_id=134\",\"url\":\"https:\/\/querschleeger.ch\/?page_id=134\",\"name\":\"Atelier - d&#039;Querschleeger\",\"isPartOf\":{\"@id\":\"https:\/\/querschleeger.ch\/#website\"},\"datePublished\":\"2015-12-02T09:11:57+00:00\",\"dateModified\":\"2024-02-28T11:58:43+00:00\",\"breadcrumb\":{\"@id\":\"https:\/\/querschleeger.ch\/?page_id=134#breadcrumb\"},\"inLanguage\":\"de\",\"potentialAction\":[{\"@type\":\"ReadAction\",\"target\":[\"https:\/\/querschleeger.ch\/?page_id=134\"]}]},{\"@type\":\"BreadcrumbList\",\"@id\":\"https:\/\/querschleeger.ch\/?page_id=134#breadcrumb\",\"itemListElement\":[{\"@type\":\"ListItem\",\"position\":1,\"name\":\"Startseite\",\"item\":\"https:\/\/querschleeger.ch\/\"},{\"@type\":\"ListItem\",\"position\":2,\"name\":\"Clique\",\"item\":\"https:\/\/querschleeger.ch\/?page_id=11\"},{\"@type\":\"ListItem\",\"position\":3,\"name\":\"Atelier\"}]},{\"@type\":\"WebSite\",\"@id\":\"https:\/\/querschleeger.ch\/#website\",\"url\":\"https:\/\/querschleeger.ch\/\",\"name\":\"d'Querschleeger\",\"description\":\"Fasnachtsgesellschaft d&#039;Querschleeger\",\"publisher\":{\"@id\":\"https:\/\/querschleeger.ch\/#organization\"},\"potentialAction\":[{\"@type\":\"SearchAction\",\"target\":{\"@type\":\"EntryPoint\",\"urlTemplate\":\"https:\/\/querschleeger.ch\/?s={search_term_string}\"},\"query-input\":{\"@type\":\"PropertyValueSpecification\",\"valueRequired\":true,\"valueName\":\"search_term_string\"}}],\"inLanguage\":\"de\"},{\"@type\":\"Organization\",\"@id\":\"https:\/\/querschleeger.ch\/#organization\",\"name\":\"d'Querschleeger\",\"url\":\"https:\/\/querschleeger.ch\/\",\"logo\":{\"@type\":\"ImageObject\",\"inLanguage\":\"de\",\"@id\":\"https:\/\/querschleeger.ch\/#\/schema\/logo\/image\/\",\"url\":\"https:\/\/querschleeger.ch\/wp-content\/uploads\/2024\/02\/logo_querschleeger.png\",\"contentUrl\":\"https:\/\/querschleeger.ch\/wp-content\/uploads\/2024\/02\/logo_querschleeger.png\",\"width\":387,\"height\":128,\"caption\":\"d'Querschleeger\"},\"image\":{\"@id\":\"https:\/\/querschleeger.ch\/#\/schema\/logo\/image\/\"},\"sameAs\":[\"https:\/\/www.facebook.com\/Querschleeger\"]}]}<\/script>\n<!-- \/ Yoast SEO plugin. -->","yoast_head_json":{"title":"Atelier - d&#039;Querschleeger","robots":{"index":"index","follow":"follow","max-snippet":"max-snippet:-1","max-image-preview":"max-image-preview:large","max-video-preview":"max-video-preview:-1"},"canonical":"https:\/\/querschleeger.ch\/?page_id=134","og_locale":"de_DE","og_type":"article","og_title":"Atelier - d&#039;Querschleeger","og_description":"An der Therwilerstrasse 7 in Basel, ein paar Schritte von der Pauluskirche entfernt, liegt unser Fasnachts-Atelier. Es ist einfach mit dem Tram 1 und 8 zu erreichen. Damals wie heute produzieren die Querschleeger im Atelier alles, was man f\u00fcr die Fasnacht braucht von Hand. Dies ist heute aus Zeit- und Kostengr\u00fcnden nicht mehr bei allen [&hellip;]","og_url":"https:\/\/querschleeger.ch\/?page_id=134","og_site_name":"d&#039;Querschleeger","article_publisher":"https:\/\/www.facebook.com\/Querschleeger","article_modified_time":"2024-02-28T11:58:43+00:00","twitter_card":"summary_large_image","twitter_misc":{"Gesch\u00e4tzte Lesezeit":"1\u00a0Minute"},"schema":{"@context":"https:\/\/schema.org","@graph":[{"@type":"WebPage","@id":"https:\/\/querschleeger.ch\/?page_id=134","url":"https:\/\/querschleeger.ch\/?page_id=134","name":"Atelier - d&#039;Querschleeger","isPartOf":{"@id":"https:\/\/querschleeger.ch\/#website"},"datePublished":"2015-12-02T09:11:57+00:00","dateModified":"2024-02-28T11:58:43+00:00","breadcrumb":{"@id":"https:\/\/querschleeger.ch\/?page_id=134#breadcrumb"},"inLanguage":"de","potentialAction":[{"@type":"ReadAction","target":["https:\/\/querschleeger.ch\/?page_id=134"]}]},{"@type":"BreadcrumbList","@id":"https:\/\/querschleeger.ch\/?page_id=134#breadcrumb","itemListElement":[{"@type":"ListItem","position":1,"name":"Startseite","item":"https:\/\/querschleeger.ch\/"},{"@type":"ListItem","position":2,"name":"Clique","item":"https:\/\/querschleeger.ch\/?page_id=11"},{"@type":"ListItem","position":3,"name":"Atelier"}]},{"@type":"WebSite","@id":"https:\/\/querschleeger.ch\/#website","url":"https:\/\/querschleeger.ch\/","name":"d'Querschleeger","description":"Fasnachtsgesellschaft d&#039;Querschleeger","publisher":{"@id":"https:\/\/querschleeger.ch\/#organization"},"potentialAction":[{"@type":"SearchAction","target":{"@type":"EntryPoint","urlTemplate":"https:\/\/querschleeger.ch\/?s={search_term_string}"},"query-input":{"@type":"PropertyValueSpecification","valueRequired":true,"valueName":"search_term_string"}}],"inLanguage":"de"},{"@type":"Organization","@id":"https:\/\/querschleeger.ch\/#organization","name":"d'Querschleeger","url":"https:\/\/querschleeger.ch\/","logo":{"@type":"ImageObject","inLanguage":"de","@id":"https:\/\/querschleeger.ch\/#\/schema\/logo\/image\/","url":"https:\/\/querschleeger.ch\/wp-content\/uploads\/2024\/02\/logo_querschleeger.png","contentUrl":"https:\/\/querschleeger.ch\/wp-content\/uploads\/2024\/02\/logo_querschleeger.png","width":387,"height":128,"caption":"d'Querschleeger"},"image":{"@id":"https:\/\/querschleeger.ch\/#\/schema\/logo\/image\/"},"sameAs":["https:\/\/www.facebook.com\/Querschleeger"]}]}},"_links":{"self":[{"href":"https:\/\/querschleeger.ch\/index.php?rest_route=\/wp\/v2\/pages\/134","targetHints":{"allow":["GET"]}}],"collection":[{"href":"https:\/\/querschleeger.ch\/index.php?rest_route=\/wp\/v2\/pages"}],"about":[{"href":"https:\/\/querschleeger.ch\/index.php?rest_route=\/wp\/v2\/types\/page"}],"author":[{"embeddable":true,"href":"https:\/\/querschleeger.ch\/index.php?rest_route=\/wp\/v2\/users\/1"}],"replies":[{"embeddable":true,"href":"https:\/\/querschleeger.ch\/index.php?rest_route=%2Fwp%2Fv2%2Fcomments&post=134"}],"version-history":[{"count":38,"href":"https:\/\/querschleeger.ch\/index.php?rest_route=\/wp\/v2\/pages\/134\/revisions"}],"predecessor-version":[{"id":1569,"href":"https:\/\/querschleeger.ch\/index.php?rest_route=\/wp\/v2\/pages\/134\/revisions\/1569"}],"up":[{"embeddable":true,"href":"https:\/\/querschleeger.ch\/index.php?rest_route=\/wp\/v2\/pages\/11"}],"wp:attachment":[{"href":"https:\/\/querschleeger.ch\/index.php?rest_route=%2Fwp%2Fv2%2Fmedia&parent=134"}],"curies":[{"name":"wp","href":"https:\/\/api.w.org\/{rel}","templated":true}]}}