{"id":11,"date":"2015-12-01T17:56:56","date_gmt":"2015-12-01T17:56:56","guid":{"rendered":"http:\/\/querschleeger.pwi2.ch\/wp\/?page_id=11"},"modified":"2026-02-08T09:17:15","modified_gmt":"2026-02-08T09:17:15","slug":"verein","status":"publish","type":"page","link":"https:\/\/querschleeger.ch\/?page_id=11","title":{"rendered":"Clique"},"content":{"rendered":"<p>Damals und Heute&#8230;.<\/p>\n<p>Die Querschleeger &#8211; eine Clique mit vielen unterschiedlichen Gesichtern &#8211; mit guten, alten Traditionen und modernen Ideen. Die Fasnachtsgesellschaft d&#8217;Querschleeger wurde im Jahre 1963 gegr\u00fcndet, wir blicken also stolz auf sechs Jahrzehnte Fasnachts-Geschichte und sind gleichzeitig zeitgem\u00e4ss und immer offen f\u00fcr Neues.<\/p>\n<p>Damals haben sich die Querschleeger als eine Clique f\u00fcr alle beschrieben und waren stolz ein Stammverein zu sein. Die Zeit hat sich seither ver\u00e4ndert, der Cliquen-Gedanke ist geblieben. Die Querschleeger sind heute eine Clique f\u00fcr alle, mit starkem Zusammenhalt und dem gemeinsamen Ziel, die &#8222;drei scheenschte D\u00e4\u00e4g&#8220; zusammen zu erleben und zu geniessen und uns noch lange Zeit sp\u00e4ter dar\u00fcber zu freuen.<\/p>\n<p>In unserer Clique arbeiten verschiedene Teams unter dem Jahr und an der Fasnacht eng zusammen, ein Team von Instruktoren und Spielverantwortlichen, eine Sujetkommission, ein Atelier-Team und der Vorstand. Mitarbeit wird bei uns hoch gesch\u00e4tzt, ist aber immer auch freiwillig. Wir haben eine Gruppe von K\u00fcnstlern, die sich um den Fasnachtszug, die Lat\u00e4rne und Zeedel k\u00fcmmern. Unsere Larven werden im Atelier nach traditioneller Art von Hand gemacht und sind daher individuelle Unikate. Das Atelier an der Therwilerstrasse 7 steht jedermann offen, unser Atelierteam arbeitet professionell und betreut die Cliquenmitglieder beim Larvenbasteln und bei den Vorbereitungen f\u00fcr die Fasnacht.<\/p>\n<p>Wir \u00fcben das ganze Jahr ab den Osterferien jeweils am Dienstagabend im Leonards-Schulhaus unser Repertoire.<\/p>\n<p>Die Querschleeger freuen sich immer \u00fcber Zuwachs &#8211; es ist nicht schwierig sich bei uns als Vortr\u00e4bler\/in, Pfyffer\/-e oder Tambour\/-in zu integrieren. Den Kontakt zu uns findet man ganz einfach \u00fcber das<a href=\"https:\/\/querschleeger.ch\/?page_id=138\" target=\"_blank\" rel=\"noopener noreferrer\"> Kontaktformular<\/a>.<\/p>\n","protected":false},"excerpt":{"rendered":"<p>Damals und Heute&#8230;. Die Querschleeger &#8211; eine Clique mit vielen unterschiedlichen Gesichtern &#8211; mit guten, alten Traditionen und modernen Ideen. Die Fasnachtsgesellschaft d&#8217;Querschleeger wurde im Jahre 1963 gegr\u00fcndet, wir blicken also stolz auf sechs Jahrzehnte Fasnachts-Geschichte und sind gleichzeitig zeitgem\u00e4ss und immer offen f\u00fcr Neues. Damals haben sich die Querschleeger als eine Clique f\u00fcr alle [&hellip;]<\/p>\n","protected":false},"author":1,"featured_media":0,"parent":0,"menu_order":0,"comment_status":"closed","ping_status":"closed","template":"","meta":{"ocean_post_layout":"right-sidebar","ocean_both_sidebars_style":"","ocean_both_sidebars_content_width":0,"ocean_both_sidebars_sidebars_width":0,"ocean_sidebar":"0","ocean_second_sidebar":"0","ocean_disable_margins":"enable","ocean_add_body_class":"","ocean_shortcode_before_top_bar":"","ocean_shortcode_after_top_bar":"","ocean_shortcode_before_header":"","ocean_shortcode_after_header":"","ocean_has_shortcode":"","ocean_shortcode_after_title":"","ocean_shortcode_before_footer_widgets":"","ocean_shortcode_after_footer_widgets":"","ocean_shortcode_before_footer_bottom":"","ocean_shortcode_after_footer_bottom":"","ocean_display_top_bar":"default","ocean_display_header":"default","ocean_header_style":"","ocean_center_header_left_menu":"0","ocean_custom_header_template":"0","ocean_custom_logo":0,"ocean_custom_retina_logo":0,"ocean_custom_logo_max_width":0,"ocean_custom_logo_tablet_max_width":0,"ocean_custom_logo_mobile_max_width":0,"ocean_custom_logo_max_height":0,"ocean_custom_logo_tablet_max_height":0,"ocean_custom_logo_mobile_max_height":0,"ocean_header_custom_menu":"0","ocean_menu_typo_font_family":"0","ocean_menu_typo_font_subset":"","ocean_menu_typo_font_size":0,"ocean_menu_typo_font_size_tablet":0,"ocean_menu_typo_font_size_mobile":0,"ocean_menu_typo_font_size_unit":"px","ocean_menu_typo_font_weight":"","ocean_menu_typo_font_weight_tablet":"","ocean_menu_typo_font_weight_mobile":"","ocean_menu_typo_transform":"","ocean_menu_typo_transform_tablet":"","ocean_menu_typo_transform_mobile":"","ocean_menu_typo_line_height":0,"ocean_menu_typo_line_height_tablet":0,"ocean_menu_typo_line_height_mobile":0,"ocean_menu_typo_line_height_unit":"","ocean_menu_typo_spacing":0,"ocean_menu_typo_spacing_tablet":0,"ocean_menu_typo_spacing_mobile":0,"ocean_menu_typo_spacing_unit":"","ocean_menu_link_color":"","ocean_menu_link_color_hover":"","ocean_menu_link_color_active":"","ocean_menu_link_background":"","ocean_menu_link_hover_background":"","ocean_menu_link_active_background":"","ocean_menu_social_links_bg":"","ocean_menu_social_hover_links_bg":"","ocean_menu_social_links_color":"","ocean_menu_social_hover_links_color":"","ocean_disable_title":"default","ocean_disable_heading":"default","ocean_post_title":"","ocean_post_subheading":"","ocean_post_title_style":"","ocean_post_title_background_color":"","ocean_post_title_background":0,"ocean_post_title_bg_image_position":"","ocean_post_title_bg_image_attachment":"","ocean_post_title_bg_image_repeat":"","ocean_post_title_bg_image_size":"","ocean_post_title_height":0,"ocean_post_title_bg_overlay":0.5,"ocean_post_title_bg_overlay_color":"","ocean_disable_breadcrumbs":"default","ocean_breadcrumbs_color":"","ocean_breadcrumbs_separator_color":"","ocean_breadcrumbs_links_color":"","ocean_breadcrumbs_links_hover_color":"","ocean_display_footer_widgets":"default","ocean_display_footer_bottom":"default","ocean_custom_footer_template":"0","footnotes":""},"class_list":["post-11","page","type-page","status-publish","hentry","entry"],"yoast_head":"<!-- This site is optimized with the Yoast SEO plugin v27.2 - https:\/\/yoast.com\/product\/yoast-seo-wordpress\/ -->\n<title>Clique - d&#039;Querschleeger<\/title>\n<meta name=\"robots\" content=\"index, follow, max-snippet:-1, max-image-preview:large, max-video-preview:-1\" \/>\n<link rel=\"canonical\" href=\"https:\/\/querschleeger.ch\/?page_id=11\" \/>\n<meta property=\"og:locale\" content=\"de_DE\" \/>\n<meta property=\"og:type\" content=\"article\" \/>\n<meta property=\"og:title\" content=\"Clique - d&#039;Querschleeger\" \/>\n<meta property=\"og:description\" content=\"Damals und Heute&#8230;. Die Querschleeger &#8211; eine Clique mit vielen unterschiedlichen Gesichtern &#8211; mit guten, alten Traditionen und modernen Ideen. Die Fasnachtsgesellschaft d&#8217;Querschleeger wurde im Jahre 1963 gegr\u00fcndet, wir blicken also stolz auf sechs Jahrzehnte Fasnachts-Geschichte und sind gleichzeitig zeitgem\u00e4ss und immer offen f\u00fcr Neues. Damals haben sich die Querschleeger als eine Clique f\u00fcr alle [&hellip;]\" \/>\n<meta property=\"og:url\" content=\"https:\/\/querschleeger.ch\/?page_id=11\" \/>\n<meta property=\"og:site_name\" content=\"d&#039;Querschleeger\" \/>\n<meta property=\"article:publisher\" content=\"https:\/\/www.facebook.com\/Querschleeger\" \/>\n<meta property=\"article:modified_time\" content=\"2026-02-08T09:17:15+00:00\" \/>\n<meta name=\"twitter:card\" content=\"summary_large_image\" \/>\n<meta name=\"twitter:label1\" content=\"Gesch\u00e4tzte Lesezeit\" \/>\n\t<meta name=\"twitter:data1\" content=\"2\u00a0Minuten\" \/>\n<script type=\"application\/ld+json\" class=\"yoast-schema-graph\">{\"@context\":\"https:\/\/schema.org\",\"@graph\":[{\"@type\":\"WebPage\",\"@id\":\"https:\/\/querschleeger.ch\/?page_id=11\",\"url\":\"https:\/\/querschleeger.ch\/?page_id=11\",\"name\":\"Clique - d&#039;Querschleeger\",\"isPartOf\":{\"@id\":\"https:\/\/querschleeger.ch\/#website\"},\"datePublished\":\"2015-12-01T17:56:56+00:00\",\"dateModified\":\"2026-02-08T09:17:15+00:00\",\"breadcrumb\":{\"@id\":\"https:\/\/querschleeger.ch\/?page_id=11#breadcrumb\"},\"inLanguage\":\"de\",\"potentialAction\":[{\"@type\":\"ReadAction\",\"target\":[\"https:\/\/querschleeger.ch\/?page_id=11\"]}]},{\"@type\":\"BreadcrumbList\",\"@id\":\"https:\/\/querschleeger.ch\/?page_id=11#breadcrumb\",\"itemListElement\":[{\"@type\":\"ListItem\",\"position\":1,\"name\":\"Startseite\",\"item\":\"https:\/\/querschleeger.ch\/\"},{\"@type\":\"ListItem\",\"position\":2,\"name\":\"Clique\"}]},{\"@type\":\"WebSite\",\"@id\":\"https:\/\/querschleeger.ch\/#website\",\"url\":\"https:\/\/querschleeger.ch\/\",\"name\":\"d'Querschleeger\",\"description\":\"Fasnachtsgesellschaft d&#039;Querschleeger\",\"publisher\":{\"@id\":\"https:\/\/querschleeger.ch\/#organization\"},\"potentialAction\":[{\"@type\":\"SearchAction\",\"target\":{\"@type\":\"EntryPoint\",\"urlTemplate\":\"https:\/\/querschleeger.ch\/?s={search_term_string}\"},\"query-input\":{\"@type\":\"PropertyValueSpecification\",\"valueRequired\":true,\"valueName\":\"search_term_string\"}}],\"inLanguage\":\"de\"},{\"@type\":\"Organization\",\"@id\":\"https:\/\/querschleeger.ch\/#organization\",\"name\":\"d'Querschleeger\",\"url\":\"https:\/\/querschleeger.ch\/\",\"logo\":{\"@type\":\"ImageObject\",\"inLanguage\":\"de\",\"@id\":\"https:\/\/querschleeger.ch\/#\/schema\/logo\/image\/\",\"url\":\"https:\/\/querschleeger.ch\/wp-content\/uploads\/2024\/02\/logo_querschleeger.png\",\"contentUrl\":\"https:\/\/querschleeger.ch\/wp-content\/uploads\/2024\/02\/logo_querschleeger.png\",\"width\":387,\"height\":128,\"caption\":\"d'Querschleeger\"},\"image\":{\"@id\":\"https:\/\/querschleeger.ch\/#\/schema\/logo\/image\/\"},\"sameAs\":[\"https:\/\/www.facebook.com\/Querschleeger\"]}]}<\/script>\n<!-- \/ Yoast SEO plugin. -->","yoast_head_json":{"title":"Clique - d&#039;Querschleeger","robots":{"index":"index","follow":"follow","max-snippet":"max-snippet:-1","max-image-preview":"max-image-preview:large","max-video-preview":"max-video-preview:-1"},"canonical":"https:\/\/querschleeger.ch\/?page_id=11","og_locale":"de_DE","og_type":"article","og_title":"Clique - d&#039;Querschleeger","og_description":"Damals und Heute&#8230;. Die Querschleeger &#8211; eine Clique mit vielen unterschiedlichen Gesichtern &#8211; mit guten, alten Traditionen und modernen Ideen. Die Fasnachtsgesellschaft d&#8217;Querschleeger wurde im Jahre 1963 gegr\u00fcndet, wir blicken also stolz auf sechs Jahrzehnte Fasnachts-Geschichte und sind gleichzeitig zeitgem\u00e4ss und immer offen f\u00fcr Neues. Damals haben sich die Querschleeger als eine Clique f\u00fcr alle [&hellip;]","og_url":"https:\/\/querschleeger.ch\/?page_id=11","og_site_name":"d&#039;Querschleeger","article_publisher":"https:\/\/www.facebook.com\/Querschleeger","article_modified_time":"2026-02-08T09:17:15+00:00","twitter_card":"summary_large_image","twitter_misc":{"Gesch\u00e4tzte Lesezeit":"2\u00a0Minuten"},"schema":{"@context":"https:\/\/schema.org","@graph":[{"@type":"WebPage","@id":"https:\/\/querschleeger.ch\/?page_id=11","url":"https:\/\/querschleeger.ch\/?page_id=11","name":"Clique - d&#039;Querschleeger","isPartOf":{"@id":"https:\/\/querschleeger.ch\/#website"},"datePublished":"2015-12-01T17:56:56+00:00","dateModified":"2026-02-08T09:17:15+00:00","breadcrumb":{"@id":"https:\/\/querschleeger.ch\/?page_id=11#breadcrumb"},"inLanguage":"de","potentialAction":[{"@type":"ReadAction","target":["https:\/\/querschleeger.ch\/?page_id=11"]}]},{"@type":"BreadcrumbList","@id":"https:\/\/querschleeger.ch\/?page_id=11#breadcrumb","itemListElement":[{"@type":"ListItem","position":1,"name":"Startseite","item":"https:\/\/querschleeger.ch\/"},{"@type":"ListItem","position":2,"name":"Clique"}]},{"@type":"WebSite","@id":"https:\/\/querschleeger.ch\/#website","url":"https:\/\/querschleeger.ch\/","name":"d'Querschleeger","description":"Fasnachtsgesellschaft d&#039;Querschleeger","publisher":{"@id":"https:\/\/querschleeger.ch\/#organization"},"potentialAction":[{"@type":"SearchAction","target":{"@type":"EntryPoint","urlTemplate":"https:\/\/querschleeger.ch\/?s={search_term_string}"},"query-input":{"@type":"PropertyValueSpecification","valueRequired":true,"valueName":"search_term_string"}}],"inLanguage":"de"},{"@type":"Organization","@id":"https:\/\/querschleeger.ch\/#organization","name":"d'Querschleeger","url":"https:\/\/querschleeger.ch\/","logo":{"@type":"ImageObject","inLanguage":"de","@id":"https:\/\/querschleeger.ch\/#\/schema\/logo\/image\/","url":"https:\/\/querschleeger.ch\/wp-content\/uploads\/2024\/02\/logo_querschleeger.png","contentUrl":"https:\/\/querschleeger.ch\/wp-content\/uploads\/2024\/02\/logo_querschleeger.png","width":387,"height":128,"caption":"d'Querschleeger"},"image":{"@id":"https:\/\/querschleeger.ch\/#\/schema\/logo\/image\/"},"sameAs":["https:\/\/www.facebook.com\/Querschleeger"]}]}},"_links":{"self":[{"href":"https:\/\/querschleeger.ch\/index.php?rest_route=\/wp\/v2\/pages\/11","targetHints":{"allow":["GET"]}}],"collection":[{"href":"https:\/\/querschleeger.ch\/index.php?rest_route=\/wp\/v2\/pages"}],"about":[{"href":"https:\/\/querschleeger.ch\/index.php?rest_route=\/wp\/v2\/types\/page"}],"author":[{"embeddable":true,"href":"https:\/\/querschleeger.ch\/index.php?rest_route=\/wp\/v2\/users\/1"}],"replies":[{"embeddable":true,"href":"https:\/\/querschleeger.ch\/index.php?rest_route=%2Fwp%2Fv2%2Fcomments&post=11"}],"version-history":[{"count":33,"href":"https:\/\/querschleeger.ch\/index.php?rest_route=\/wp\/v2\/pages\/11\/revisions"}],"predecessor-version":[{"id":1836,"href":"https:\/\/querschleeger.ch\/index.php?rest_route=\/wp\/v2\/pages\/11\/revisions\/1836"}],"wp:attachment":[{"href":"https:\/\/querschleeger.ch\/index.php?rest_route=%2Fwp%2Fv2%2Fmedia&parent=11"}],"curies":[{"name":"wp","href":"https:\/\/api.w.org\/{rel}","templated":true}]}}